{"id":3415,"date":"2022-10-14T06:14:39","date_gmt":"2022-10-14T06:14:39","guid":{"rendered":"https:\/\/grupomemphis.pe\/noticias\/?page_id=3415"},"modified":"2022-10-14T17:00:46","modified_gmt":"2022-10-14T17:00:46","slug":"medios","status":"publish","type":"page","link":"https:\/\/grupomemphis.pe\/noticias\/medios\/","title":{"rendered":"Medios"},"content":{"rendered":"<div id='av-layout-grid-1'  class='av-layout-grid-container av-26ilo9-6a388c3397d631636ebf3a0745193c9a entry-content-wrapper main_color av-flex-cells  avia-builder-el-0  el_before_av_section  avia-builder-el-first   container_wrap sidebar_right'  >\n\n<style type=\"text\/css\" data-created_by=\"avia_inline_auto\" id=\"style-css-av-7dbnl-9eced3c8bdd3c1c812230851f75d0fed\">\n.flex_cell.av-7dbnl-9eced3c8bdd3c1c812230851f75d0fed{\nvertical-align:middle;\nheight:420px;\nmin-height:420px;\nbackground:url(https:\/\/grupomemphis.pe\/noticias\/wp-content\/uploads\/2022\/10\/unsplash-934033ce02fc7fee571bf7d74b1a41ff-255x300.png) 0% 0% no-repeat scroll #22689e;\n}\n.responsive #top #wrap_all .flex_cell.av-7dbnl-9eced3c8bdd3c1c812230851f75d0fed{\npadding:0px 0px 0px 0px !important;\n}\n<\/style>\n<div class='flex_cell av-7dbnl-9eced3c8bdd3c1c812230851f75d0fed av-gridrow-cell av_one_half no_margin  avia-builder-el-1  el_before_av_cell_one_half  avia-builder-el-first  av-zero-padding avia-full-stretch' ><div class='flex_cell_inner'><\/div><\/div>\n<style type=\"text\/css\" data-created_by=\"avia_inline_auto\" id=\"style-css-av-1xw2nt-42081a494e99b0520dfd2f82d27bbfb0\">\n.flex_cell.av-1xw2nt-42081a494e99b0520dfd2f82d27bbfb0{\nvertical-align:top;\nheight:420px;\nmin-height:420px;\nbackground-color:#ffd400;\n}\n.responsive #top #wrap_all .flex_cell.av-1xw2nt-42081a494e99b0520dfd2f82d27bbfb0{\npadding:60px 80px 80px 80px !important;\n}\n\n@media only screen and (min-width: 990px){ \n.responsive #top #wrap_all .flex_cell.av-1xw2nt-42081a494e99b0520dfd2f82d27bbfb0{\npadding:60px 80px 80px 80px !important;\n}\n}\n\n@media only screen and (min-width: 768px) and (max-width: 989px){ \n.responsive #top #wrap_all .flex_cell.av-1xw2nt-42081a494e99b0520dfd2f82d27bbfb0{\npadding:40px 40px 40px 40px !important;\n}\n}\n\n@media only screen and (min-width: 480px) and (max-width: 767px){ \n.responsive #top #wrap_all .flex_cell.av-1xw2nt-42081a494e99b0520dfd2f82d27bbfb0{\npadding:40px 40px 40px 40px !important;\n}\n}\n\n@media only screen and (max-width: 479px){ \n.responsive #top #wrap_all .flex_cell.av-1xw2nt-42081a494e99b0520dfd2f82d27bbfb0{\npadding:40px 40px 40px 40px !important;\n}\n}\n<\/style>\n<div class='flex_cell av-1xw2nt-42081a494e99b0520dfd2f82d27bbfb0 av-gridrow-cell av_one_half no_margin  avia-builder-el-2  el_after_av_cell_one_half  avia-builder-el-last ' ><div class='flex_cell_inner'>\n<style type=\"text\/css\" data-created_by=\"avia_inline_auto\" id=\"style-css-av-l97qoyn4-37955f65abca2ca1f851513ae6da9de6\">\n#top .av_textblock_section.av-l97qoyn4-37955f65abca2ca1f851513ae6da9de6 .avia_textblock{\ncolor:#000000;\n}\n<\/style>\n<section  class='av_textblock_section av-l97qoyn4-37955f65abca2ca1f851513ae6da9de6'  itemscope=\"itemscope\" itemtype=\"https:\/\/schema.org\/CreativeWork\" ><div class='avia_textblock av_inherit_color'  itemprop=\"text\" ><p class=\"caratula1\">Noticias del Grupo Memphis<\/p>\n<\/div><\/section><br \/>\n\n<style type=\"text\/css\" data-created_by=\"avia_inline_auto\" id=\"style-css-av-1lwaoh-8858539bce286d590ed08dfc4ecbb36b\">\n#top .av_textblock_section.av-1lwaoh-8858539bce286d590ed08dfc4ecbb36b .avia_textblock{\ncolor:#000000;\n}\n<\/style>\n<section  class='av_textblock_section av-1lwaoh-8858539bce286d590ed08dfc4ecbb36b'  itemscope=\"itemscope\" itemtype=\"https:\/\/schema.org\/CreativeWork\" ><div class='avia_textblock av_inherit_color'  itemprop=\"text\" ><p>Lorem ipsum dolor sit amet, consectetuer adipiscing elit. Aenean commodo ligula eget dolor. Aenean massa. Cum sociis natoque penatibur ridiculus mus.<\/p>\n<\/div><\/section><\/p>\n<\/div><\/div><\/div><div id='av_section_1'  class='avia-section av-1gfhsx-1fda21e2d3cb5aaf89c65fa93bf65de3 main_color avia-section-huge avia-no-border-styling  avia-builder-el-5  el_after_av_layout_row  avia-builder-el-last  avia-bg-style-scroll container_wrap sidebar_right'  ><div class='container av-section-cont-open' ><div class='template-page content  av-content-small alpha units'><div class='post-entry post-entry-type-page post-entry-3415'><div class='entry-content-wrapper clearfix'>\n<div class='flex_column_table av-1753zt-c1389ee68b8fc7350f25838c901c3b6b sc-av_one_third av-equal-height-column-flextable'>\n<style type=\"text\/css\" data-created_by=\"avia_inline_auto\" id=\"style-css-av-1753zt-c1389ee68b8fc7350f25838c901c3b6b\">\n#top .flex_column_table.av-equal-height-column-flextable.av-1753zt-c1389ee68b8fc7350f25838c901c3b6b{\nmargin-top:-185px;\nmargin-bottom:0px;\n}\n.flex_column.av-1753zt-c1389ee68b8fc7350f25838c901c3b6b{\n-webkit-border-radius:0px 0px 0px 0px;\n-moz-border-radius:0px 0px 0px 0px;\nborder-radius:0px 0px 0px 0px;\npadding:40px 40px 40px 40px;\n}\n<\/style>\n<div class='flex_column av-1753zt-c1389ee68b8fc7350f25838c901c3b6b av_one_third  avia-builder-el-6  el_before_av_one_third  avia-builder-el-first  first no_margin flex_column_table_cell av-equal-height-column av-align-top '     ><\/div>\n<style type=\"text\/css\" data-created_by=\"avia_inline_auto\" id=\"style-css-av-15ni7l-0cb495241e73306a4ba26fb225887c67\">\n#top .flex_column_table.av-equal-height-column-flextable.av-15ni7l-0cb495241e73306a4ba26fb225887c67{\nmargin-top:-200px;\nmargin-bottom:0px;\n}\n.flex_column.av-15ni7l-0cb495241e73306a4ba26fb225887c67{\n-webkit-border-radius:0px 0px 0px 0px;\n-moz-border-radius:0px 0px 0px 0px;\nborder-radius:0px 0px 0px 0px;\npadding:40px 40px 40px 40px;\nbackground-color:#000000;\n}\n<\/style>\n<div class='flex_column av-15ni7l-0cb495241e73306a4ba26fb225887c67 av_one_third  avia-builder-el-7  el_after_av_one_third  el_before_av_one_third  no_margin flex_column_table_cell av-equal-height-column av-align-top '     ><style type=\"text\/css\" data-created_by=\"avia_inline_auto\" id=\"style-css-av-lsz7t-bb46d3ab77d8b22cf3c4679a2a11571d\">\n#top .av_textblock_section.av-lsz7t-bb46d3ab77d8b22cf3c4679a2a11571d .avia_textblock{\ncolor:#ffffff;\n}\n<\/style>\n<section  class='av_textblock_section av-lsz7t-bb46d3ab77d8b22cf3c4679a2a11571d'  itemscope=\"itemscope\" itemtype=\"https:\/\/schema.org\/CreativeWork\" ><div class='avia_textblock av_inherit_color'  itemprop=\"text\" ><h2 style=\"text-align: center;\">Medios<\/h2>\n<\/div><\/section><\/div>\n<style type=\"text\/css\" data-created_by=\"avia_inline_auto\" id=\"style-css-av-ddngp-d51a8ae4fc955ec5b70c04c806333cb4\">\n#top .flex_column_table.av-equal-height-column-flextable.av-ddngp-d51a8ae4fc955ec5b70c04c806333cb4{\nmargin-top:-200px;\nmargin-bottom:0px;\n}\n.flex_column.av-ddngp-d51a8ae4fc955ec5b70c04c806333cb4{\n-webkit-border-radius:0px 0px 0px 0px;\n-moz-border-radius:0px 0px 0px 0px;\nborder-radius:0px 0px 0px 0px;\npadding:40px 40px 40px 40px;\n}\n<\/style>\n<div class='flex_column av-ddngp-d51a8ae4fc955ec5b70c04c806333cb4 av_one_third  avia-builder-el-9  el_after_av_one_third  el_before_av_blog  no_margin flex_column_table_cell av-equal-height-column av-align-top '     ><\/div><\/div><!--close column table wrapper. Autoclose: 1 --><div  data-slideshow-options=\"{&quot;animation&quot;:&quot;fade&quot;,&quot;autoplay&quot;:false,&quot;loop_autoplay&quot;:&quot;once&quot;,&quot;interval&quot;:5,&quot;loop_manual&quot;:&quot;manual-endless&quot;,&quot;autoplay_stopper&quot;:false,&quot;noNavigation&quot;:false,&quot;show_slide_delay&quot;:90}\" class='avia-content-slider avia-content-grid-active avia-content-slider1 avia-content-slider-odd  avia-builder-el-10  el_after_av_one_third  avia-builder-el-last  av-slideshow-ui av-control-default   av-no-slider-navigation av-slideshow-manual av-loop-once av-loop-manual-endless '  itemscope=\"itemscope\" itemtype=\"https:\/\/schema.org\/Blog\" ><div class=\"avia-content-slider-inner\"><div class=\"slide-entry-wrap\"><article class='slide-entry flex_column  post-entry post-entry-321 slide-entry-overview slide-loop-1 slide-parity-odd  post-entry-last  av_one_third first real-thumbnail post-format-video'  itemscope=\"itemscope\" itemtype=\"https:\/\/schema.org\/CreativeWork\" ><a href='https:\/\/grupomemphis.pe\/noticias\/2022\/11\/04\/grupo-memphis-en-america-television\/' data-rel='slide-1' class='slide-image' title='Grupo Memphis en Am\u00e9rica Televisi\u00f3n'><img decoding=\"async\" width=\"495\" height=\"400\" src=\"https:\/\/grupomemphis.pe\/noticias\/wp-content\/uploads\/2022\/11\/video-grupo-memphis-seguridad-ciudadana-bravo-3-495x400.jpg\" class=\"wp-image-3458 avia-img-lazy-loading-not-3458 attachment-portfolio size-portfolio wp-post-image\" alt=\"video grupo memphis seguridad ciudadana bravo 3\" \/><\/a><div class=\"slide-content\"><header class=\"entry-content-header\"><h3 class='slide-entry-title entry-title '  itemprop=\"headline\" ><a href='https:\/\/grupomemphis.pe\/noticias\/2022\/11\/04\/grupo-memphis-en-america-television\/' title='Grupo Memphis en Am\u00e9rica Televisi\u00f3n'>Grupo Memphis en Am\u00e9rica Televisi\u00f3n<\/a><\/h3><span class=\"blog-categories minor-meta\"><a href=\"https:\/\/grupomemphis.pe\/noticias\/category\/medios\/\" rel=\"tag\">Medios<\/a> <\/span><span class=\"av-vertical-delimiter\"><\/span><\/header><div class='slide-entry-excerpt entry-content'  itemprop=\"text\" >Los invitamos a ver este reportaje sobre seguridad ciudadana realizado por Am\u00e9rica TV. En \u00e9l, Miguel Zegarra da mayores luces sobre las necesidades y servicios en este rubro.<div class=\"read-more-link\"><a href=\"https:\/\/grupomemphis.pe\/noticias\/2022\/11\/04\/grupo-memphis-en-america-television\/\" class=\"more-link\">Leer m\u00e1s<span class=\"more-link-arrow\"><\/span><\/a><\/div><\/div><\/div><footer class=\"entry-footer\"><div class=\"slide-meta\"><div class=\"slide-meta-comments\"><a href='https:\/\/grupomemphis.pe\/noticias\/2022\/11\/04\/grupo-memphis-en-america-television\/#respond'>0 Comentarios<\/a><\/div><div class=\"slide-meta-del\">\/<\/div><time class='slide-meta-time updated'  itemprop=\"datePublished\" datetime=\"2022-11-04T10:00:56+00:00\" >noviembre 4, 2022<\/time><\/div><\/footer><span class='hidden'>\n\t\t\t\t<span class='av-structured-data'  itemprop=\"image\" itemscope=\"itemscope\" itemtype=\"https:\/\/schema.org\/ImageObject\" >\n\t\t\t\t\t\t<span itemprop='url'>https:\/\/grupomemphis.pe\/noticias\/wp-content\/uploads\/2022\/11\/video-grupo-memphis-seguridad-ciudadana-bravo-3.jpg<\/span>\n\t\t\t\t\t\t<span itemprop='height'>405<\/span>\n\t\t\t\t\t\t<span itemprop='width'>537<\/span>\n\t\t\t\t<\/span>\n\t\t\t\t<span class='av-structured-data'  itemprop=\"publisher\" itemtype=\"https:\/\/schema.org\/Organization\" itemscope=\"itemscope\" >\n\t\t\t\t\t\t<span itemprop='name'>gmadmin<\/span>\n\t\t\t\t\t\t<span itemprop='logo' itemscope itemtype='https:\/\/schema.org\/ImageObject'>\n\t\t\t\t\t\t\t<span itemprop='url'>https:\/\/grupomemphis.pe\/noticias\/wp-content\/uploads\/2022\/10\/logo-memphis-maquinarias-grupo-2022-lima-peru-300x139.png<\/span>\n\t\t\t\t\t\t <\/span>\n\t\t\t\t<\/span><span class='av-structured-data'  itemprop=\"author\" itemscope=\"itemscope\" itemtype=\"https:\/\/schema.org\/Person\" ><span itemprop='name'>gmadmin<\/span><\/span><span class='av-structured-data'  itemprop=\"datePublished\" datetime=\"2022-10-14T06:14:39+00:00\" >2022-11-04 10:00:56<\/span><span class='av-structured-data'  itemprop=\"dateModified\" itemtype=\"https:\/\/schema.org\/dateModified\" >2022-11-25 23:37:22<\/span><span class='av-structured-data'  itemprop=\"mainEntityOfPage\" itemtype=\"https:\/\/schema.org\/mainEntityOfPage\" ><span itemprop='name'>Grupo Memphis en Am\u00e9rica Televisi\u00f3n<\/span><\/span><\/span><\/article><\/div><\/div><\/div>\n<\/div><\/div><\/div><!-- close content main div --><\/div><\/div><div id='after_section_1'  class='main_color av_default_container_wrap container_wrap sidebar_right'  ><div class='container av-section-cont-open' ><div class='template-page content  av-content-small alpha units'><div class='post-entry post-entry-type-page post-entry-3415'><div class='entry-content-wrapper clearfix'><\/p>\n","protected":false},"excerpt":{"rendered":"","protected":false},"author":1,"featured_media":0,"parent":0,"menu_order":0,"comment_status":"closed","ping_status":"closed","template":"","meta":{"footnotes":""},"class_list":["post-3415","page","type-page","status-publish","hentry"],"_links":{"self":[{"href":"https:\/\/grupomemphis.pe\/noticias\/wp-json\/wp\/v2\/pages\/3415","targetHints":{"allow":["GET"]}}],"collection":[{"href":"https:\/\/grupomemphis.pe\/noticias\/wp-json\/wp\/v2\/pages"}],"about":[{"href":"https:\/\/grupomemphis.pe\/noticias\/wp-json\/wp\/v2\/types\/page"}],"author":[{"embeddable":true,"href":"https:\/\/grupomemphis.pe\/noticias\/wp-json\/wp\/v2\/users\/1"}],"replies":[{"embeddable":true,"href":"https:\/\/grupomemphis.pe\/noticias\/wp-json\/wp\/v2\/comments?post=3415"}],"version-history":[{"count":3,"href":"https:\/\/grupomemphis.pe\/noticias\/wp-json\/wp\/v2\/pages\/3415\/revisions"}],"predecessor-version":[{"id":3432,"href":"https:\/\/grupomemphis.pe\/noticias\/wp-json\/wp\/v2\/pages\/3415\/revisions\/3432"}],"wp:attachment":[{"href":"https:\/\/grupomemphis.pe\/noticias\/wp-json\/wp\/v2\/media?parent=3415"}],"curies":[{"name":"wp","href":"https:\/\/api.w.org\/{rel}","templated":true}]}}